{"id":1319,"date":"2022-05-09T11:24:05","date_gmt":"2022-05-09T11:24:05","guid":{"rendered":"https:\/\/festivalbdnimes.com\/?page_id=1319"},"modified":"2025-04-14T11:46:04","modified_gmt":"2025-04-14T11:46:04","slug":"presse","status":"publish","type":"page","link":"https:\/\/festivalbdnimes.com\/index.php\/presse\/","title":{"rendered":"PRESSE"},"content":{"rendered":"<p><span style=\"font-size: 14px;\"><strong>T\u00c9L\u00c9CHARGEZ LES VISUELS 2025 EN CLIQUANT SUR LES IMAGES CI-DESSOUS<\/strong><\/span><\/p>\n<p><span style=\"color: #000000;\"><span style=\"font-size: 14px;\">T\u00e9l\u00e9chargez les <strong>visuels 2025<\/strong> <\/span><span style=\"font-size: 14px;\">en cliquant sur les images ci-dessous<\/span><\/span><\/p>\n<p><a href=\"https:\/\/festivalbdnimes.com\/wp-content\/uploads\/2025\/04\/VISUEL-NIMES-BD-2025-H.pdf\"><img loading=\"lazy\" class=\"alignleft wp-image-1722\" src=\"https:\/\/festivalbdnimes.com\/wp-content\/uploads\/2025\/04\/VISUEL-NIMES-BD-2025-H.png\" alt=\"\" width=\"283\" height=\"214\" \/> <\/a><\/p>\n<p><a href=\"https:\/\/festivalbdnimes.com\/wp-content\/uploads\/2025\/04\/VISUEL-BD-2025-V.pdf\"><img loading=\"lazy\" class=\"alignleft wp-image-1722\" src=\"https:\/\/festivalbdnimes.com\/wp-content\/uploads\/2025\/04\/VISUEL-NIMES-BD-2025.jpg\" alt=\"\" width=\"222\" height=\"320\" \/> <\/a><\/p>\n<p>&nbsp;<\/p>\n<p>&nbsp;<\/p>\n<p>&nbsp;<\/p>\n<p>&nbsp;<\/p>\n<p>&nbsp;<\/p>\n<p>&nbsp;<\/p>\n<p><span style=\"color: #000000;\"><span style=\"font-size: 14px;\">T\u00e9l\u00e9chargez le <strong>Communiqu\u00e9 de presse\u00a0<\/strong> <\/span><\/span><span style=\"color: #000000;\"><span style=\"font-size: 14px;\">en cliquant sur l&rsquo;image ci-dessous<\/span><\/span><\/p>\n<p><a href=\"https:\/\/festivalbdnimes.com\/wp-content\/uploads\/2025\/04\/CP-Festival-de-la-BD-2025.pdf\"><img loading=\"lazy\" class=\"alignleft wp-image-1722\" src=\"https:\/\/festivalbdnimes.com\/wp-content\/uploads\/2025\/04\/CP-Festival-de-la-BD-2025-1.png\" alt=\"\" width=\"248\" height=\"351\" \/> <\/a><\/p>\n<p>T\u00e9l\u00e9chargez le <strong>Programme complet<\/strong> en cliquant sur l&rsquo;image ci-dessous<\/p>\n<p><a href=\"https:\/\/festivalbdnimes.com\/wp-content\/uploads\/2025\/04\/PROG-NIMES-BD-2025.pdf\"><img loading=\"lazy\" class=\"alignleft wp-image-1722\" src=\"https:\/\/festivalbdnimes.com\/wp-content\/uploads\/2025\/04\/VISUEL-NIMES-BD-2025-1.jpg\" alt=\"\" width=\"248\" height=\"351\" \/> <\/a><\/p>\n<p>&nbsp;<\/p>\n<p>&nbsp;<\/p>\n","protected":false},"excerpt":{"rendered":"<p>T\u00c9L\u00c9CHARGEZ LES VISUELS 2025 EN CLIQUANT SUR LES IMAGES CI-DESSOUS T\u00e9l\u00e9chargez les visuels 2025 en cliquant sur les images ci-dessous &nbsp; &nbsp; &nbsp; &nbsp; &nbsp; &nbsp; T\u00e9l\u00e9chargez le Communiqu\u00e9 de presse\u00a0 en cliquant sur l&rsquo;image ci-dessous T\u00e9l\u00e9chargez le Programme complet en cliquant sur l&rsquo;image ci-dessous &nbsp; &nbsp;<\/p>\n","protected":false},"author":1,"featured_media":0,"parent":0,"menu_order":0,"comment_status":"closed","ping_status":"closed","template":"","meta":[],"aioseo_notices":[],"_links":{"self":[{"href":"https:\/\/festivalbdnimes.com\/index.php\/wp-json\/wp\/v2\/pages\/1319"}],"collection":[{"href":"https:\/\/festivalbdnimes.com\/index.php\/wp-json\/wp\/v2\/pages"}],"about":[{"href":"https:\/\/festivalbdnimes.com\/index.php\/wp-json\/wp\/v2\/types\/page"}],"author":[{"embeddable":true,"href":"https:\/\/festivalbdnimes.com\/index.php\/wp-json\/wp\/v2\/users\/1"}],"replies":[{"embeddable":true,"href":"https:\/\/festivalbdnimes.com\/index.php\/wp-json\/wp\/v2\/comments?post=1319"}],"version-history":[{"count":37,"href":"https:\/\/festivalbdnimes.com\/index.php\/wp-json\/wp\/v2\/pages\/1319\/revisions"}],"predecessor-version":[{"id":1931,"href":"https:\/\/festivalbdnimes.com\/index.php\/wp-json\/wp\/v2\/pages\/1319\/revisions\/1931"}],"wp:attachment":[{"href":"https:\/\/festivalbdnimes.com\/index.php\/wp-json\/wp\/v2\/media?parent=1319"}],"curies":[{"name":"wp","href":"https:\/\/api.w.org\/{rel}","templated":true}]}}