{"id":1925,"date":"2025-04-14T11:37:26","date_gmt":"2025-04-14T11:37:26","guid":{"rendered":"https:\/\/festivalbdnimes.com\/?page_id=1925"},"modified":"2025-04-14T11:37:26","modified_gmt":"2025-04-14T11:37:26","slug":"programme","status":"publish","type":"page","link":"https:\/\/festivalbdnimes.com\/index.php\/programme\/","title":{"rendered":"PROGRAMME"},"content":{"rendered":"<img loading=\"lazy\" class=\"size-medium wp-image-1895 alignleft\" src=\"https:\/\/festivalbdnimes.com\/wp-content\/uploads\/2025\/04\/VISUEL-NIMES-BD-2025-H-300x225.png\" alt=\"\" width=\"300\" height=\"225\" srcset=\"https:\/\/festivalbdnimes.com\/wp-content\/uploads\/2025\/04\/VISUEL-NIMES-BD-2025-H-300x225.png 300w, https:\/\/festivalbdnimes.com\/wp-content\/uploads\/2025\/04\/VISUEL-NIMES-BD-2025-H-1024x769.png 1024w, https:\/\/festivalbdnimes.com\/wp-content\/uploads\/2025\/04\/VISUEL-NIMES-BD-2025-H-768x577.png 768w, https:\/\/festivalbdnimes.com\/wp-content\/uploads\/2025\/04\/VISUEL-NIMES-BD-2025-H-1536x1154.png 1536w, https:\/\/festivalbdnimes.com\/wp-content\/uploads\/2025\/04\/VISUEL-NIMES-BD-2025-H-2048x1538.png 2048w\" sizes=\"(max-width: 300px) 100vw, 300px\" \/><span style=\"color: #000000;\">Le programme d\u00e9taill\u00e9 du Festival de la BD de N\u00eemes 2025 est disponible en un clic sur le lien suivant :<\/span>\n<p><a href=\"https:\/\/festivalbdnimes.com\/wp-content\/uploads\/2025\/04\/PROG-NIMES-BD-2025.pdf\">T\u00e9l\u00e9charger le programme 2025<\/a><\/p>\n<p><span style=\"color: #000000;\">Nous esp\u00e9rons que chacun y trouvera son bonheur afin de mieux pr\u00e9parer sa venue au Festival du 9 au 11 Mai prochains.<\/span><\/p>\n<p><span style=\"color: #000000;\">Bonne lecture !!!!<\/span><\/p>\n","protected":false},"excerpt":{"rendered":"<p>Le programme d\u00e9taill\u00e9 du Festival de la BD de N\u00eemes 2025 est disponible en un clic sur le lien suivant : T\u00e9l\u00e9charger le programme 2025 Nous esp\u00e9rons que chacun y trouvera son bonheur afin de mieux pr\u00e9parer sa venue au Festival du 9 au 11 Mai prochains. Bonne lecture !!!!<\/p>\n","protected":false},"author":1,"featured_media":0,"parent":0,"menu_order":0,"comment_status":"closed","ping_status":"closed","template":"","meta":[],"aioseo_notices":[],"_links":{"self":[{"href":"https:\/\/festivalbdnimes.com\/index.php\/wp-json\/wp\/v2\/pages\/1925"}],"collection":[{"href":"https:\/\/festivalbdnimes.com\/index.php\/wp-json\/wp\/v2\/pages"}],"about":[{"href":"https:\/\/festivalbdnimes.com\/index.php\/wp-json\/wp\/v2\/types\/page"}],"author":[{"embeddable":true,"href":"https:\/\/festivalbdnimes.com\/index.php\/wp-json\/wp\/v2\/users\/1"}],"replies":[{"embeddable":true,"href":"https:\/\/festivalbdnimes.com\/index.php\/wp-json\/wp\/v2\/comments?post=1925"}],"version-history":[{"count":1,"href":"https:\/\/festivalbdnimes.com\/index.php\/wp-json\/wp\/v2\/pages\/1925\/revisions"}],"predecessor-version":[{"id":1926,"href":"https:\/\/festivalbdnimes.com\/index.php\/wp-json\/wp\/v2\/pages\/1925\/revisions\/1926"}],"wp:attachment":[{"href":"https:\/\/festivalbdnimes.com\/index.php\/wp-json\/wp\/v2\/media?parent=1925"}],"curies":[{"name":"wp","href":"https:\/\/api.w.org\/{rel}","templated":true}]}}